{"id":944,"date":"2024-11-24T12:55:51","date_gmt":"2024-11-24T12:55:51","guid":{"rendered":"https:\/\/gerolfingen-evangelisch.de\/?page_id=944"},"modified":"2024-11-24T12:59:45","modified_gmt":"2024-11-24T12:59:45","slug":"seniorenkreis-team","status":"publish","type":"page","link":"https:\/\/gerolfingen-evangelisch.de\/?page_id=944","title":{"rendered":"Seniorenkreis-Team"},"content":{"rendered":"\n<div class=\"is-layout-flex wp-container-6 wp-block-columns\">\n<div class=\"is-layout-flow wp-block-column\" style=\"flex-basis:100%\">\n<div class=\"is-layout-constrained wp-block-group\"><div class=\"wp-block-group__inner-container\">\n<div class=\"is-layout-constrained wp-block-group\"><div class=\"wp-block-group__inner-container\">\n<div class=\"is-layout-flex wp-container-2 wp-block-columns\">\n<div class=\"is-layout-flow wp-block-column\" style=\"flex-basis:100%\">\n<div class=\"wp-block-media-text alignwide is-stacked-on-mobile\"><figure class=\"wp-block-media-text__media\"><img decoding=\"async\" loading=\"lazy\" width=\"647\" height=\"488\" src=\"https:\/\/gerolfingen-evangelisch.de\/wp-content\/uploads\/2024\/11\/seniorenkreis-team.png\" alt=\"\" class=\"wp-image-945 size-full\" srcset=\"https:\/\/gerolfingen-evangelisch.de\/wp-content\/uploads\/2024\/11\/seniorenkreis-team.png 647w, https:\/\/gerolfingen-evangelisch.de\/wp-content\/uploads\/2024\/11\/seniorenkreis-team-300x226.png 300w\" sizes=\"(max-width: 647px) 100vw, 647px\" \/><\/figure><div class=\"wp-block-media-text__content\">\n<p>Als Seniorenkreis-Team bieten wir einen Treffpunkt f\u00fcr die etwas \u00e4lteren Gemeindemitglieder an. Neben Ge-spr\u00e4chen miteinander bekommen wir Einblick in verschiedene Bereiche durch Referenten und andere Vortragende. Aus die Geselligkeit kommt durch Singen, Kaffeetrinken, einen Besuch des Kindergartens sowie einem Ausflug nicht zu kurz. Wir m\u00f6chten, dass die Besucherinnen und Besucher einen kurzweiligen Nachmittag mit uns verbringen. Jeder ist herzlich willkommen &#8211; wir freuen uns auf Sie.<\/p>\n\n\n\n<p><\/p>\n<\/div><\/div>\n<\/div>\n<\/div>\n<\/div><\/div>\n<\/div><\/div>\n<\/div>\n<\/div>\n","protected":false},"excerpt":{"rendered":"<p>Als Seniorenkreis-Team bieten wir einen Treffpunkt f\u00fcr die etwas \u00e4lteren Gemeindemitglieder an. Neben Ge-spr\u00e4chen miteinander bekommen wir Einblick in verschiedene Bereiche durch Referenten und andere Vortragende. Aus die Geselligkeit kommt durch Singen, Kaffeetrinken, einen Besuch des Kindergartens sowie einem Ausflug nicht zu kurz. Wir m\u00f6chten, dass die Besucherinnen und Besucher einen kurzweiligen Nachmittag mit uns <a class=\"more-link\" href=\"https:\/\/gerolfingen-evangelisch.de\/?page_id=944\">Weiterlesen <i class=\"fa fa-chevron-right\"><\/i><\/a><\/p>\n","protected":false},"author":1,"featured_media":0,"parent":0,"menu_order":0,"comment_status":"closed","ping_status":"closed","template":"","meta":[],"_links":{"self":[{"href":"https:\/\/gerolfingen-evangelisch.de\/index.php?rest_route=\/wp\/v2\/pages\/944"}],"collection":[{"href":"https:\/\/gerolfingen-evangelisch.de\/index.php?rest_route=\/wp\/v2\/pages"}],"about":[{"href":"https:\/\/gerolfingen-evangelisch.de\/index.php?rest_route=\/wp\/v2\/types\/page"}],"author":[{"embeddable":true,"href":"https:\/\/gerolfingen-evangelisch.de\/index.php?rest_route=\/wp\/v2\/users\/1"}],"replies":[{"embeddable":true,"href":"https:\/\/gerolfingen-evangelisch.de\/index.php?rest_route=%2Fwp%2Fv2%2Fcomments&post=944"}],"version-history":[{"count":2,"href":"https:\/\/gerolfingen-evangelisch.de\/index.php?rest_route=\/wp\/v2\/pages\/944\/revisions"}],"predecessor-version":[{"id":948,"href":"https:\/\/gerolfingen-evangelisch.de\/index.php?rest_route=\/wp\/v2\/pages\/944\/revisions\/948"}],"wp:attachment":[{"href":"https:\/\/gerolfingen-evangelisch.de\/index.php?rest_route=%2Fwp%2Fv2%2Fmedia&parent=944"}],"curies":[{"name":"wp","href":"https:\/\/api.w.org\/{rel}","templated":true}]}}