{"id":930,"date":"2024-11-24T11:39:08","date_gmt":"2024-11-24T11:39:08","guid":{"rendered":"https:\/\/gerolfingen-evangelisch.de\/?page_id=930"},"modified":"2024-11-24T12:37:37","modified_gmt":"2024-11-24T12:37:37","slug":"kinderkirche","status":"publish","type":"page","link":"https:\/\/gerolfingen-evangelisch.de\/?page_id=930","title":{"rendered":"Kinderkirche"},"content":{"rendered":"\n<figure class=\"wp-block-image size-full\"><img decoding=\"async\" loading=\"lazy\" width=\"647\" height=\"488\" src=\"https:\/\/gerolfingen-evangelisch.de\/wp-content\/uploads\/2024\/11\/kigoteam.jpg\" alt=\"\" class=\"wp-image-931\" srcset=\"https:\/\/gerolfingen-evangelisch.de\/wp-content\/uploads\/2024\/11\/kigoteam.jpg 647w, https:\/\/gerolfingen-evangelisch.de\/wp-content\/uploads\/2024\/11\/kigoteam-300x226.jpg 300w\" sizes=\"(max-width: 647px) 100vw, 647px\" \/><figcaption class=\"wp-element-caption\">Wir m\u00f6chten die Geschichten und Themen der Bibel und unsere eigenen Erfahrungen mit Gott und Jesus den Kids kindgerecht weitersagen. Sie sollen erfahren, wie gut Gott ist und eingeladen werden, Gott selbst z.B. im Gebet zu begegnen. Nat\u00fcrlich soll Spiel und Spa\u00df und gute Gemeinschaft nicht zu kurz kommen. Wir haben z.B. Spiegel gebastelt, Fu\u00dfpantomime gespielt, mit Kartoffeln gestempelt und getanzt. Ein weiterer Aspekt sind f\u00fcr uns auch die Eltern. Wir w\u00fcnschen uns, dass sie in Ruhe im Gottesdienst auftanken d\u00fcrfen, w\u00e4hrend ihre Kinder eine tolle Zeit in der Kinderkirche erleben d\u00fcrfen.<\/figcaption><\/figure>\n","protected":false},"excerpt":{"rendered":"","protected":false},"author":1,"featured_media":0,"parent":0,"menu_order":0,"comment_status":"closed","ping_status":"closed","template":"","meta":[],"_links":{"self":[{"href":"https:\/\/gerolfingen-evangelisch.de\/index.php?rest_route=\/wp\/v2\/pages\/930"}],"collection":[{"href":"https:\/\/gerolfingen-evangelisch.de\/index.php?rest_route=\/wp\/v2\/pages"}],"about":[{"href":"https:\/\/gerolfingen-evangelisch.de\/index.php?rest_route=\/wp\/v2\/types\/page"}],"author":[{"embeddable":true,"href":"https:\/\/gerolfingen-evangelisch.de\/index.php?rest_route=\/wp\/v2\/users\/1"}],"replies":[{"embeddable":true,"href":"https:\/\/gerolfingen-evangelisch.de\/index.php?rest_route=%2Fwp%2Fv2%2Fcomments&post=930"}],"version-history":[{"count":1,"href":"https:\/\/gerolfingen-evangelisch.de\/index.php?rest_route=\/wp\/v2\/pages\/930\/revisions"}],"predecessor-version":[{"id":933,"href":"https:\/\/gerolfingen-evangelisch.de\/index.php?rest_route=\/wp\/v2\/pages\/930\/revisions\/933"}],"wp:attachment":[{"href":"https:\/\/gerolfingen-evangelisch.de\/index.php?rest_route=%2Fwp%2Fv2%2Fmedia&parent=930"}],"curies":[{"name":"wp","href":"https:\/\/api.w.org\/{rel}","templated":true}]}}