{"id":955,"date":"2024-11-24T13:11:13","date_gmt":"2024-11-24T13:11:13","guid":{"rendered":"https:\/\/gerolfingen-evangelisch.de\/?page_id=955"},"modified":"2024-11-24T13:11:13","modified_gmt":"2024-11-24T13:11:13","slug":"mesner-team","status":"publish","type":"page","link":"http:\/\/gerolfingen-evangelisch.de\/?page_id=955","title":{"rendered":"Mesner-Team"},"content":{"rendered":"\n<figure class=\"wp-block-image size-full\"><img decoding=\"async\" loading=\"lazy\" width=\"854\" height=\"650\" src=\"https:\/\/gerolfingen-evangelisch.de\/wp-content\/uploads\/2024\/11\/mesner-team.png\" alt=\"\" class=\"wp-image-956\" srcset=\"http:\/\/gerolfingen-evangelisch.de\/wp-content\/uploads\/2024\/11\/mesner-team.png 854w, http:\/\/gerolfingen-evangelisch.de\/wp-content\/uploads\/2024\/11\/mesner-team-300x228.png 300w, http:\/\/gerolfingen-evangelisch.de\/wp-content\/uploads\/2024\/11\/mesner-team-768x585.png 768w\" sizes=\"(max-width: 854px) 100vw, 854px\" \/><figcaption class=\"wp-element-caption\">Die Mesnerinnen und Mesner sind bei allen Gottesdiensten die Ersten und die Letzten in der Kirche. Sie kommen um aufzuschlie\u00dfen, zu heizen (im Winter), Lieder anzuschlagen, die Lichter und Lautsprecheranlage anzuschalten, die Kerzen anzuz\u00fcnden und dann die Glocken einzuschalten. Schon im Vorfeld ist jedoch die Kirche zu putzen, mit Blumen zu schm\u00fccken, der Adventskranz zu besorgen, der Stern aufzuh\u00e4ngen an Weihnachten, der Weihnachtsbaum zu schm\u00fccken und die Krippe aufzubauen. Bei Abendmahlsgottesdiensten den Kelch und Hostien zu besorgen und auf den Altar zu legen, bei Taufen den Tauf-stein zu schm\u00fccken und das Wasser zu w\u00e4rmen.<\/figcaption><\/figure>\n","protected":false},"excerpt":{"rendered":"","protected":false},"author":1,"featured_media":0,"parent":0,"menu_order":0,"comment_status":"closed","ping_status":"closed","template":"","meta":[],"_links":{"self":[{"href":"http:\/\/gerolfingen-evangelisch.de\/index.php?rest_route=\/wp\/v2\/pages\/955"}],"collection":[{"href":"http:\/\/gerolfingen-evangelisch.de\/index.php?rest_route=\/wp\/v2\/pages"}],"about":[{"href":"http:\/\/gerolfingen-evangelisch.de\/index.php?rest_route=\/wp\/v2\/types\/page"}],"author":[{"embeddable":true,"href":"http:\/\/gerolfingen-evangelisch.de\/index.php?rest_route=\/wp\/v2\/users\/1"}],"replies":[{"embeddable":true,"href":"http:\/\/gerolfingen-evangelisch.de\/index.php?rest_route=%2Fwp%2Fv2%2Fcomments&post=955"}],"version-history":[{"count":1,"href":"http:\/\/gerolfingen-evangelisch.de\/index.php?rest_route=\/wp\/v2\/pages\/955\/revisions"}],"predecessor-version":[{"id":958,"href":"http:\/\/gerolfingen-evangelisch.de\/index.php?rest_route=\/wp\/v2\/pages\/955\/revisions\/958"}],"wp:attachment":[{"href":"http:\/\/gerolfingen-evangelisch.de\/index.php?rest_route=%2Fwp%2Fv2%2Fmedia&parent=955"}],"curies":[{"name":"wp","href":"https:\/\/api.w.org\/{rel}","templated":true}]}}