{"id":938,"date":"2024-11-24T12:48:18","date_gmt":"2024-11-24T12:48:18","guid":{"rendered":"https:\/\/gerolfingen-evangelisch.de\/?page_id=938"},"modified":"2024-11-24T12:51:30","modified_gmt":"2024-11-24T12:51:30","slug":"kigo-club","status":"publish","type":"page","link":"http:\/\/gerolfingen-evangelisch.de\/?page_id=938","title":{"rendered":"KIGO-Club"},"content":{"rendered":"\n<div class=\"is-layout-constrained wp-block-group\"><div class=\"wp-block-group__inner-container\"><div class=\"wp-block-image\">\n<figure class=\"alignleft size-full\"><img decoding=\"async\" loading=\"lazy\" width=\"489\" height=\"375\" src=\"http:\/\/gerolfingen-evangelisch.de\/wp-content\/uploads\/2024\/11\/kigo-club.jpg\" alt=\"\" class=\"wp-image-939\" srcset=\"http:\/\/gerolfingen-evangelisch.de\/wp-content\/uploads\/2024\/11\/kigo-club.jpg 489w, http:\/\/gerolfingen-evangelisch.de\/wp-content\/uploads\/2024\/11\/kigo-club-300x230.jpg 300w\" sizes=\"(max-width: 489px) 100vw, 489px\" \/><figcaption class=\"wp-element-caption\">Ich mache KiGo-Club, \u2026<br>\u2026 weil mir die Kinder am Herzen liegen. Ich m\u00f6chte ihnen von Gott und Jesus<br>erz\u00e4hlen, damit sie wissen, dass sie nie allein sind und sich beh\u00fctet f\u00fchlen k\u00f6nnen.<br>(Sandra Werbel)<br>\u2026 weil ich m\u00f6chte, dass jedes Kind die Bibel und Jesus pers\u00f6nlich kennenlernt.<br>Als besten Freund, Friedensbringer, Ratgeber und Retter f\u00fcrs eigene Leben.<br>(Anna Neumann)<br>\u2026 weil es mich gl\u00fccklich macht, wenn ich durch meine Mitarbeit im KiGo-Club einen<br>Teil dazu beitragen kann, den Kindern Gott n\u00e4herzubringen. (Marina Stephan)<\/figcaption><\/figure><\/div><\/div><\/div>\n","protected":false},"excerpt":{"rendered":"","protected":false},"author":1,"featured_media":0,"parent":0,"menu_order":0,"comment_status":"closed","ping_status":"closed","template":"","meta":[],"_links":{"self":[{"href":"http:\/\/gerolfingen-evangelisch.de\/index.php?rest_route=\/wp\/v2\/pages\/938"}],"collection":[{"href":"http:\/\/gerolfingen-evangelisch.de\/index.php?rest_route=\/wp\/v2\/pages"}],"about":[{"href":"http:\/\/gerolfingen-evangelisch.de\/index.php?rest_route=\/wp\/v2\/types\/page"}],"author":[{"embeddable":true,"href":"http:\/\/gerolfingen-evangelisch.de\/index.php?rest_route=\/wp\/v2\/users\/1"}],"replies":[{"embeddable":true,"href":"http:\/\/gerolfingen-evangelisch.de\/index.php?rest_route=%2Fwp%2Fv2%2Fcomments&post=938"}],"version-history":[{"count":2,"href":"http:\/\/gerolfingen-evangelisch.de\/index.php?rest_route=\/wp\/v2\/pages\/938\/revisions"}],"predecessor-version":[{"id":943,"href":"http:\/\/gerolfingen-evangelisch.de\/index.php?rest_route=\/wp\/v2\/pages\/938\/revisions\/943"}],"wp:attachment":[{"href":"http:\/\/gerolfingen-evangelisch.de\/index.php?rest_route=%2Fwp%2Fv2%2Fmedia&parent=938"}],"curies":[{"name":"wp","href":"https:\/\/api.w.org\/{rel}","templated":true}]}}