{"id":934,"date":"2024-11-24T12:38:50","date_gmt":"2024-11-24T12:38:50","guid":{"rendered":"https:\/\/gerolfingen-evangelisch.de\/?page_id=934"},"modified":"2024-11-24T12:38:51","modified_gmt":"2024-11-24T12:38:51","slug":"jungschar","status":"publish","type":"page","link":"http:\/\/gerolfingen-evangelisch.de\/?page_id=934","title":{"rendered":"Jungschar"},"content":{"rendered":"\n<figure class=\"wp-block-image size-full\"><img decoding=\"async\" loading=\"lazy\" width=\"638\" height=\"489\" src=\"https:\/\/gerolfingen-evangelisch.de\/wp-content\/uploads\/2024\/11\/jungscharteam.jpg\" alt=\"\" class=\"wp-image-935\" srcset=\"http:\/\/gerolfingen-evangelisch.de\/wp-content\/uploads\/2024\/11\/jungscharteam.jpg 638w, http:\/\/gerolfingen-evangelisch.de\/wp-content\/uploads\/2024\/11\/jungscharteam-300x230.jpg 300w\" sizes=\"(max-width: 638px) 100vw, 638px\" \/><\/figure>\n\n\n\n<p>Unsere Motivation: Wir haben Spa\u00df daran mit Kindern Zeit zu verbringen<br>und bem\u00fchen uns, dass die Gruppe samstags eine gute Zeit hat, mit Spielen,<br>Bibelgeschichten und Gebeten. Wir hoffen, dass die Kinder best\u00e4rkt<br>werden durch die Jungscharzeit und Gott kennenlernen. <br>Wir suchen dringend noch Mitarbeiter f\u00fcr die Jungschar, damit wir das Angebot<br>weiterhin aufrechterhalten k\u00f6nnen. <br>Wir streben ein w\u00f6chentliches Treffen mit Pausen in den Ferien an.<\/p>\n","protected":false},"excerpt":{"rendered":"<p>Unsere Motivation: Wir haben Spa\u00df daran mit Kindern Zeit zu verbringenund bem\u00fchen uns, dass die Gruppe samstags eine gute Zeit hat, mit Spielen,Bibelgeschichten und Gebeten. Wir hoffen, dass die Kinder best\u00e4rktwerden durch die Jungscharzeit und Gott kennenlernen. Wir suchen dringend noch Mitarbeiter f\u00fcr die Jungschar, damit wir das Angebotweiterhin aufrechterhalten k\u00f6nnen. Wir streben ein w\u00f6chentliches <a class=\"more-link\" href=\"http:\/\/gerolfingen-evangelisch.de\/?page_id=934\">Weiterlesen <i class=\"fa fa-chevron-right\"><\/i><\/a><\/p>\n","protected":false},"author":1,"featured_media":0,"parent":0,"menu_order":0,"comment_status":"closed","ping_status":"closed","template":"","meta":[],"_links":{"self":[{"href":"http:\/\/gerolfingen-evangelisch.de\/index.php?rest_route=\/wp\/v2\/pages\/934"}],"collection":[{"href":"http:\/\/gerolfingen-evangelisch.de\/index.php?rest_route=\/wp\/v2\/pages"}],"about":[{"href":"http:\/\/gerolfingen-evangelisch.de\/index.php?rest_route=\/wp\/v2\/types\/page"}],"author":[{"embeddable":true,"href":"http:\/\/gerolfingen-evangelisch.de\/index.php?rest_route=\/wp\/v2\/users\/1"}],"replies":[{"embeddable":true,"href":"http:\/\/gerolfingen-evangelisch.de\/index.php?rest_route=%2Fwp%2Fv2%2Fcomments&post=934"}],"version-history":[{"count":1,"href":"http:\/\/gerolfingen-evangelisch.de\/index.php?rest_route=\/wp\/v2\/pages\/934\/revisions"}],"predecessor-version":[{"id":937,"href":"http:\/\/gerolfingen-evangelisch.de\/index.php?rest_route=\/wp\/v2\/pages\/934\/revisions\/937"}],"wp:attachment":[{"href":"http:\/\/gerolfingen-evangelisch.de\/index.php?rest_route=%2Fwp%2Fv2%2Fmedia&parent=934"}],"curies":[{"name":"wp","href":"https:\/\/api.w.org\/{rel}","templated":true}]}}