{"id":1015,"date":"2026-02-12T10:44:41","date_gmt":"2026-02-12T10:44:41","guid":{"rendered":"https:\/\/gerolfingen-evangelisch.de\/?page_id=1015"},"modified":"2026-02-12T10:44:41","modified_gmt":"2026-02-12T10:44:41","slug":"datenschutz","status":"publish","type":"page","link":"http:\/\/gerolfingen-evangelisch.de\/?page_id=1015","title":{"rendered":"Datenschutz"},"content":{"rendered":"\n<h1>Datenschutzerkl\u00e4rung<\/h1>\n\n\n\n<h3>1. Allgemeine Informationen zum Datenschutz<\/h3>\n\n\n\n<p>Hier informieren wir dar\u00fcber, welche Verarbeitung Ihrer personenbezogenen Daten \u2013 also aller Daten, mit denen Sie pers\u00f6nlich identifiziert werden k\u00f6nnen \u2013 beim Besuch unserer Website erfolgt. In der nachfolgenden Datenschutzerkl\u00e4rung erhalten Sie ausf\u00fchrliche Informationen zum Thema Datenschutz.<\/p>\n\n\n\n<p><strong>Wer ist verantwortlich?<\/strong><\/p>\n\n\n\n<p>Verantwortlich f\u00fcr die Datenverarbeitung ist der im&nbsp;<a href=\"https:\/\/www.dekanat-feuchtwangen.de\/impressum\">Impressum<\/a>&nbsp;mit Kontaktdaten aufgef\u00fchrte Anbieter dieser Website.<\/p>\n\n\n\n<p><strong>Wie werden Ihre Daten erfasst?<\/strong><\/p>\n\n\n\n<p>Ihre Daten werden z.B. erfasst, indem Sie uns diese \u2013 etwa durch Eingabe in ein Kontaktformular \u2013 direkt \u00fcbermitteln. Technische Daten wie Internetbrowser, Betriebssystem oder Uhrzeit des Seitenaufrufs werden beim Besuch unserer Website durch unsere IT-Systeme automatisch erhoben.<\/p>\n\n\n\n<p><strong>Wof\u00fcr werden Ihre Daten genutzt?<\/strong><\/p>\n\n\n\n<p>Daten werden erhoben, um eine fehlerfreie Bereitstellung der Website zu gew\u00e4hrleisten. Au\u00dferdem ist uns daran gelegen, unser Angebot stetig zu verbessern. In diesem Zusammenhang k\u00f6nnen Daten au\u00dferdem zur Analyse Ihres Nutzerverhaltens verwendet werden.<\/p>\n\n\n\n<p><strong>Ihre Rechte<\/strong><\/p>\n\n\n\n<p>Wir sind dazu verpflichtet, Ihnen gegen\u00fcber jederzeit unentgeltlich Auskunft \u00fcber Herkunft, Empf\u00e4nger und Zweck Ihrer gespeicherten personenbezogenen Daten zu erteilen und Ihrem Wunsch nach Berichtigung, Sperrung oder L\u00f6schung Ihrer Daten nachzukommen. Diesbez\u00fcglich k\u00f6nnen Sie jederzeit unter der im Impressum hinterlegten Adresse Kontakt mit uns aufnehmen. Zudem steht Ihnen ein Beschwerderecht bei der weiter unten aufgef\u00fchrten&nbsp;<a href=\"https:\/\/www.dekanat-feuchtwangen.de\/vkdatenschutz#verantwortlicheStelle\">Aufsichtsbeh\u00f6rde<\/a>&nbsp;zu.<\/p>\n\n\n\n<p><strong>Analyse-Tools<\/strong><\/p>\n\n\n\n<p>Um unser Angebot stetig zu verbessern, k\u00f6nnen Daten zur Analyse Ihres Nutzerverhaltens verwendet werden. Diese Auswertung erfolgt vor allem mit sogenannten Cookies und Analyse-Tools. Diese Analyse erfolgt in der Regel anonym und kann nicht zu Ihnen zur\u00fcckverfolgt werden. Sie haben die M\u00f6glichkeit, dieser Analyse zu widersprechen oder sie durch die Nichtbenutzung bestimmter Tools zu verhindern. Mehr dazu erfahren Sie im Folgenden.<\/p>\n\n\n\n<h3>2. Pflichtinformationen<\/h3>\n\n\n\n<p><strong>Datenschutz<\/strong><\/p>\n\n\n\n<p>Als Anbieter dieser Seiten nehmen wir den Schutz Ihrer pers\u00f6nlichen Daten sehr ernst und behandeln Ihre personenbezogenen Daten vertraulich und entsprechend der gesetzlichen Datenschutzvorschriften (<a href=\"https:\/\/www.kirchenrecht-ekd.de\/document\/58309\" target=\"_blank\" rel=\"noreferrer noopener\">Datenschutzgesetz der EKD<\/a>). Diese Datenschutzerkl\u00e4rung gibt einen \u00dcberblick dar\u00fcber, welche Daten wir erheben, wof\u00fcr wir sie nutzen und zu welchem Zweck das geschieht. Rechtsgrundlagen f\u00fcr die Verarbeitungen von personenbezogenen Daten sind: \u00a7 6 Nr. 5 DSG-EKD, \u00a7 6 Nr. 3 DSG-EKD<\/p>\n\n\n\n<p>Wir weisen darauf hin, dass ein vollst\u00e4ndiger Schutz Ihrer Daten vor dem Zugriff durch Dritte nicht m\u00f6glich ist, da die Daten\u00fcbertragung im Internet (z.B. \u00fcber E-Mail) Sicherheitsl\u00fccken aufweisen kann. Bitte beachten Sie au\u00dferdem, dass Sie von unserer Website \u00fcber externe Verlinkungen zu anderen, von Dritten betriebenen Internetangeboten gelangen k\u00f6nnen. Wir sind nicht verantwortlich f\u00fcr die Einhaltung der datenschutzrechtlichen Bestimmungen und einen sicheren Umgang mit Ihren personenbezogenen Daten auf verlinkten, von Dritten betriebenen Internetseiten.<br><a href=\"https:\/\/www.kirchenrecht-ekd.de\/document\/58309#s47000062\" target=\"_blank\" rel=\"noreferrer noopener\">Begriffsbestimmungen (\u00a7. 4 DSG-EKD) k\u00f6nnen Sie hier einsehen.<\/a><a><\/a><\/p>\n\n\n\n<p><strong>Hinweis zur verantwortlichen Stelle<\/strong><\/p>\n\n\n\n<p>Verantwortlich im Sinne des Kirchengesetzes \u00fcber den Datenschutz der Evangelischen Kirche in Deutschland (DSG-EKD), der Datenschutz-Grundverordnung (DS-GVO) sowie sonstiger datenschutzrechtlicher Vorgaben, die kirchliche Stellen anzuwenden haben, ist:<\/p>\n\n\n\n<p>[<a href=\"https:\/\/www.dekanat-feuchtwangen.de\/impressum\">Siehe Impressum<\/a>]<\/p>\n\n\n\n<p>*Verantwortliche Stelle nennt man die nat\u00fcrliche oder juristische Person, die allein oder gemeinsam mit anderen dar\u00fcber entscheidet, warum, welche personenbezogenen Daten (z.B. Namen, E-Mail-Adressen o. \u00c4.) wie verarbeitet werden.<\/p>\n\n\n\n<p><strong>Datenschutzaufsichtsbeh\u00f6rde<\/strong><\/p>\n\n\n\n<p>Die datenschutzrechtliche Aufsicht \u00fcber die oben genannte verantwortliche Stelle dieses Internetauftritts erfolgt durch den Beauftragten f\u00fcr den Datenschutz der EKD.<br>Sofern Sie der Ansicht sind, bei der Erhebung, Verarbeitung oder Nutzung Ihrer personenbezogenen Daten durch die oben genannte verantwortliche Stelle in ihren Rechten verletzt worden zu sein, k\u00f6nnen Sie sich an die zust\u00e4ndige Au\u00dfenstelle des Beauftragten f\u00fcr Datenschutz der EKD wenden:<br><br>Der Beauftragte f\u00fcr den Datenschutz der Evangelischen Kirche in Deutschland<br><br>Au\u00dfenstelle f\u00fcr die Datenschutzregion S\u00fcd des BfD-EKD<br>Hafenbad 22, 89073 Ulm<br>Telefon 0731-140593-0<br>E-Mail:&nbsp;<a href=\"mailto:sued@datenschutz.ekd.de\">sued@datenschutz.ekd.de<\/a><br><a href=\"https:\/\/www.datenschutz.ekd.de\/\" target=\"_blank\" rel=\"noreferrer noopener\">https:\/\/www.datenschutz.ekd.de<\/a><strong>Unser(e) \u00f6rtlich Beauftragte(r) f\u00fcr den Datenschutz<\/strong><br>Bei Fragen zum Datenschutz in unserer Kirchengemeinde (auch bei dieser Homepage) wenden Sie sich bitte an unsere(n) \u00f6rtlich Beauftragte(n) f\u00fcr den Datenschutz:<\/p>\n\n\n\n<p>Manfred Geitner<br>KGA Ansbach<br>Schaitbergerstra\u00dfe 20<br>91522 Ansbach<br>E-Mail:&nbsp;<a href=\"mailto:datenschutz.verbund5@elkb.de\">datenschutz.verbund5@elkb.de<\/a><br>Tel. 0175 9543835<\/p>\n\n\n\n<p><strong>Recht auf Widerruf<\/strong><\/p>\n\n\n\n<p>In vielen F\u00e4llen ist eine Verarbeitung Ihrer Daten nur mit Ihrer ausdr\u00fccklichen Einwilligung m\u00f6glich. Sie haben gem\u00e4\u00df \u00a7 11 Abs. 3 DSG-EKD das Recht, Ihre Einwilligung jederzeit zu widerrufen. Die Rechtm\u00e4\u00dfigkeit der bis zum Widerruf erfolgten Datenverarbeitung bleibt vom Widerruf unber\u00fchrt.<\/p>\n\n\n\n<p><strong>Auskunft, Sperrung, L\u00f6schung<\/strong><\/p>\n\n\n\n<p>Im Rahmen des geltenden Kirchengesetzes \u00fcber den Datenschutz der Evangelischen Kirche in Deutschland (DSG-EKD) k\u00f6nnen Sie sich bei Fragen zur Erhebung, Verarbeitung oder Nutzung Ihrer personenbezogenen Daten und deren Berichtigung, Sperrung, L\u00f6schung oder einem Widerruf einer erteilten Einwilligung unentgeltlich an uns wenden. Wir sind verpflichtet, Ihrem Recht auf Berichtigung falscher Daten oder L\u00f6schung personenbezogener Daten nachzukommen, insofern diesem Anspruch keine gesetzliche Aufbewahrungspflicht entgegensteht. Zur Aus\u00fcbung Ihrer Rechte und f\u00fcr R\u00fcckfragen nehmen Sie sich bitte \u00fcber die im&nbsp;<a href=\"https:\/\/www.dekanat-feuchtwangen.de\/impressum\">Impressum<\/a>&nbsp;hinterlegte Adresse Kontakt mit uns auf.<\/p>\n\n\n\n<p><strong>Recht auf Daten\u00fcbertragbarkeit<\/strong><\/p>\n\n\n\n<p>Dem Gesetz nach sind Sie berechtigt, Daten, die wir mit Ihrer Einwilligung oder in Erf\u00fcllung eines Vertrags automatisiert verarbeiten, an sich oder an einen Dritten in einem \u00fcblichen maschinenlesbaren Format aush\u00e4ndigen zu lassen. Eine direkte \u00dcbertragung der Daten an einen anderen Verantwortlichen kann nur entsprechend einer technischen Umsetzbarkeit erfolgen.<\/p>\n\n\n\n<p><strong>Werbe-Mails<\/strong><\/p>\n\n\n\n<p>Als Anbieter dieser Website widersprechen wir hiermit der Nutzung von im Rahmen der Impressumspflicht ver\u00f6ffentlichten Kontaktdaten zur \u00dcbersendung von nicht ausdr\u00fccklich angeforderter Werbung, z.B. Spam-Mails. Bei Missachtung dieses Widerspruchs behalten wir uns rechtliche Schritte vor.<\/p>\n\n\n\n<p><strong>SSL- bzw. TLS-Verschl\u00fcsselung<\/strong><\/p>\n\n\n\n<p>Aus Sicherheitsgr\u00fcnden und zum Schutz der \u00dcbertragung vertraulicher Inhalte \u2013 etwa bei Anfragen, die Sie an uns als Seitenbetreiber senden \u2013 nutzt diese Seite eine SSL-bzw. TLS-Verschl\u00fcsselung. Diese verschl\u00fcsselte Verbindung erkennen Sie daran, dass in Ihrem Browsers ein Schloss-Symbol und \u201chttps:\/\/\u201d vor der Adresse dieser Seite steht. (Unverschl\u00fcsselte Seiten erkennen Sie an \u201chttp:\/\/\u201d in der Browserzeile.) Wenn die SSL- bzw. TLS-Verschl\u00fcsselung aktiviert ist, k\u00f6nnen die Daten, die Sie an uns \u00fcbermitteln, nicht von Dritten mitgelesen werden.<\/p>\n\n\n\n<h3>3. Datenverarbeitung<\/h3>\n\n\n\n<p><strong>Cookies<\/strong><\/p>\n\n\n\n<p>Um unser Angebot nutzerfreundlicher, effektiver und sicherer zu machen, verwenden wir auf unseren Seiten sogenannte Cookies. Das sind kleine Textdateien, die auf Ihrem Endger\u00e4t gespeichert werden und uns eine Analyse der Nutzung unserer Seiten erm\u00f6glichen. Die durch die Cookies erzeugten Informationen verwenden wir, um unsere Seiten f\u00fcr Sie als Nutzer attraktiver zu gestalten und um bestimmte Funktionen unserer Seiten zu gew\u00e4hrleisten.<\/p>\n\n\n\n<p>Auf dieser Seite verwenden wir ein \u201eSession-Cookie\u201c, das nach einer festgelegten Zeit gel\u00f6scht wird. Ein Session-Cookie enth\u00e4lt lediglich eine zuf\u00e4llige Buchstaben-Zahlenkombination (z.B: \u201eVZRBVwC33hl4B0opOCiGo9Hi7i1Qf4KyCur2DXnp4Zk\u201c), \u00fcber die die Website feststellen kann, welche Seitenaufrufe vom gleichen Nutzer kommen. So gehen beispielsweise Eintr\u00e4ge in Suchformularen nicht verloren. Ein weiteres Cookie, das ca. 1 Jahr g\u00fcltig ist, speichert, ob Sie der Nutzung von Cookies oder der Anzeige externer Inhalte zugestimmt haben (\u201aCookie-Consent\u2019). So m\u00fcssen wir Sie nicht bei jedem Besuch erneut fragen.<\/p>\n\n\n\n<p>Sie haben die M\u00f6glichkeit, Ihren Browser so einzustellen, dass Sie \u00fcber das Setzen von Cookies informiert werden und Cookies nur im Einzelfall erlauben. Oder Sie k\u00f6nnen mit einer entsprechenden Einstellung die Annahme von Cookies f\u00fcr bestimmte F\u00e4lle oder generell ausschlie\u00dfen sowie das automatische L\u00f6schen der Cookies beim Schlie\u00dfen des Browsers aktivieren. Wir weisen jedoch darauf hin, dass bei Deaktivierung von Cookies die Funktionalit\u00e4t dieser Website eingeschr\u00e4nkt sein kann.<\/p>\n\n\n\n<p><strong>Server-Log-Dateien<\/strong><\/p>\n\n\n\n<p>Wenn Sie unsere Website aufrufen, werden von unserem Provider automatisch personenbezogene Daten erhoben und in sogenannten Server-Log-Dateien gespeichert. Hierbei handelt es sich um folgende Informationen:<\/p>\n\n\n\n<ul>\n<li>Browsertyp und -version<\/li>\n\n\n\n<li>Betriebssystem<\/li>\n\n\n\n<li>Referrer URL<\/li>\n\n\n\n<li>Hostname des zugreifenden Rechners<\/li>\n\n\n\n<li>Datum und Uhrzeit Ihres Zugriffs<\/li>\n\n\n\n<li>Internet-Protokoll-Adresse (IP-Adresse)<\/li>\n<\/ul>\n\n\n\n<p>Die Verarbeitung dieser personenbezogenen Daten erfolgt grunds\u00e4tzlich in anonymisierter Form aus funktions- und sicherheitsrelevanten Gr\u00fcnden sowie zur Optimierung der Website. R\u00fcckschl\u00fcsse auf Ihre Person sind nicht m\u00f6glich. Diese Datenverarbeitung dient der Erf\u00fcllung unserer Aufgaben. Das hei\u00dft, sie ist nach \u00a7 6 Ziffer 3 DSG-EKD zul\u00e4ssig. Wir f\u00fchren diese personenbezogenen Daten nicht mit anderen Datenquellen zusammen. Eine Datenweitergabe an Dritte findet nur statt, soweit dies zum Betrieb unserer Website erforderlich ist. Eine \u00dcbermittlung in ein Drittland oder an eine internationale Organisation ist nicht beabsichtigt.<\/p>\n\n\n\n<p>Die Log-Dateien werden max. 30 Tage auf unseren Servern gespeichert.<\/p>\n\n\n\n<p><strong>OpenStreetMap<\/strong><\/p>\n\n\n\n<p>Um geographische Informationen zu visualisieren, sind auf dieser Website Karten von OpenStreetmap eingebunden. OpenStreetMap ist ein freies Projekt, das frei nutzbare Geodaten sammelt und in einer Datenbank zur allgemeinen Nutzung bereitstellt (Open Data). Diese Dienste werden von der OpenStreetMap Foundation, 132 Maney Hill Road, Sutton Cold\u00adfield, West Midlands, B72 1JU, United Kingdom, f\u00fcr die OSM\u00adGemeinschaft betrieben. Damit Ihnen die Karten angezeigt werden k\u00f6nnen, werden Informationen \u00fcber die Nutzung dieser Webseite einschlie\u00dflich Ihrer IP-Adresse an OpenStreetMap weitergeleitet. Au\u00dferdem wird ein sogenanntes Session-Cookie in Ihrem Computer gesetzt, das gel\u00f6scht wird, sobald Sie nach Ihrer Sitzung (englisch: Session) den Browser schlie\u00dfen. Wie OpenStreetMap Ihre Daten speichert, erfahren Sie auf der&nbsp;<a href=\"https:\/\/wiki.osmfoundation.org\/wiki\/Privacy_Policy\" target=\"_blank\" rel=\"noreferrer noopener\">Datenschutzseite von OpenStreetMap<\/a>.<\/p>\n\n\n\n<h3>4. Analyse Tools<\/h3>\n\n\n\n<p>Wir setzen keine Analysetools wie z.B. Google Analytics oder Matomo auf dieser Seite ein.<\/p>\n\n\n\n<h3>5. Freiwillige Bereitstellung personenbezogener Daten<\/h3>\n\n\n\n<p><strong>Direkte Kontaktm\u00f6glichkeit<\/strong><\/p>\n\n\n\n<p>\u00dcber unsere Website k\u00f6nnen Sie per E-Mail und\/oder \u00fcber ein Kontaktformular direkt in Kontakt mit uns treten. Diese im Zusammenhang mit einer Kontaktaufnahme zur Verf\u00fcgung gestellten personenbezogenen Daten werden ausschlie\u00dflich f\u00fcr die Korrespondenz mit Ihnen genutzt und ohne Ihre Einwilligung nicht an Dritte weitergegeben. Diese Daten verbleiben bei uns, bis Sie uns entweder zur L\u00f6schung auffordern, Ihre Einwilligung zur Speicherung widerrufen oder der Zweck f\u00fcr die Datenspeicherung entf\u00e4llt. \u2013 Etwa wenn Ihre Anfrage gekl\u00e4rt wurde. Abgesehen davon bleiben gesetzliche Bestimmungen \u2013 insbesondere Aufbewahrungsfristen \u2013 unber\u00fchrt. Diese Verarbeitung ist gem\u00e4\u00df \u00a7 6 Ziffer 3 DSG-EKD rechtm\u00e4\u00dfig, weil die Beantwortung Ihrer Anfrage der Erf\u00fcllung unserer Aufgaben dient.<\/p>\n\n\n\n<h3>6. Social Plugins<\/h3>\n\n\n\n<p>Auf unserer Website werden sogenannte &#8222;Social Plugins&#8220; eingesetzt. \u00dcber diese Plugins k\u00f6nnen (auch personenbezogene) Daten an die Diensteanbieter gesendet und gegebenenfalls von diesen genutzt werden.<\/p>\n\n\n\n<p><strong>Zum Schutz: Social-Media-Buttons mit Shariff<\/strong><\/p>\n\n\n\n<p>Um zu verhindern, dass von Besuchern unserer Website unbemerkt personenbezogene Daten an die Anbieter von Social Media in den USA \u00fcbertragen werden, verwenden wir auf unseren Seiten statt der \u00fcblichen Social-Media-Share-Buttons die Shariff-Schaltfl\u00e4chen f\u00fcr Facebook, Twitter und WhatsApp. Erst wenn Sie eines dieser Social Plugins anklicken, k\u00f6nnen Daten an den Anbieter \u00fcbertragen und dort gespeichert werden. Fachleute der Computerzeitschrift c&#8217;t haben die Shariff-L\u00f6sung entwickelt, um mehr Privatsph\u00e4re im Internet zu erm\u00f6glichen und die Nutzer besser zu sch\u00fctzen. Auf unseren Seiten werden die sozialen Netzwerke Facebook, Twitter und Whatsapp mit Shariff-Buttons eingebunden. Mehr Informationen \u00fcber die&nbsp;<a href=\"http:\/\/m.heise.de\/ct\/artikel\/Shariff-Social-Media-Buttons-mit-Datenschutz-2467514.html\" target=\"_blank\" rel=\"noreferrer noopener\">Shariff-L\u00f6sung<\/a>&nbsp;finden Sie auf den Seiten des Anbieters, der Heise Medien GmbH &amp; Co. KG, Heise Medien GmbH &amp; Co. KG, Karl-Wiechert-Allee 10, 30625 Hannover.<\/p>\n\n\n\n<h3>7. Videoeinbindung<\/h3>\n\n\n\n<p><strong>Videoeinbindung via YouTube<\/strong><\/p>\n\n\n\n<p><strong>Externe Inhalte, die zustimmungspflichtige Cookies setzen oder Daten erheben, werden erst nach einer Zustimmung des Benutzers angezeigt. Erst wenn ein Nutzer zustimmt, wird eine Verbindung zu dem externen Server aufgebaut.<\/strong><\/p>\n\n\n\n<p>Auf unseren Seiten werden Videos eingebunden, die auf der Plattform Youtube gespeichert sind und \u00fcber ein Plugin von unserer Website&nbsp;<strong>nach Einwilligung des Benutzers<\/strong>&nbsp;im Sinne von \u00a7 6 Ziffer 2 DSG-EKD aktiviert und abgespielt werden k\u00f6nnen. Die YouTube-Plugins werden auf dieser Website genutzt, um eine Darstellung von Videoinhalten zu erm\u00f6glichen. Das Plugin ist ein Angebot der Videoplattform Youtube, Google Ireland Limited, Gordon House, Barrow Street, Dublin 4, Irland. Google Ireland ist ein Tochterunternehmen von Google LLC, 1600 Amphitheatre Parkway, Mountain View, CA 94043, USA. Ein Zugriff auf die durch Google Ireland verarbeiteten Daten durch US-Beh\u00f6rden kann daher nicht ausgeschlossen werden. Beim Besuch unserer Website wird \u2013 im Falle einer aktiven Einwilligung \u2013 zwischen Ihrem Browser und den Servern von Youtube\/Google eine direkte Verbindung hergestellt. So erf\u00e4hrt Youtube\/Google, dass \u00fcber Ihre IP-Adresse unsere Website aufgerufen wird. Sie sind nicht zur Bereitstellung dieser personenbezogenen Daten verpflichtet, ohne Daten\u00fcbermittlung an YouTube k\u00f6nnen Sie die Videos allerdings nicht sehen. Wenn Sie \u00fcber einen Youtube(-Google)-Account verf\u00fcgen und dort eingeloggt sind, k\u00f6nnen diese Informationen Ihrem Konto zugeordnet werden. Weitere Informationen zum Datenschutz bei YouTube finden Sie unter&nbsp;<a href=\"https:\/\/policies.google.com\/privacy\" target=\"_blank\" rel=\"noreferrer noopener\">diesem Link<\/a>.<\/p>\n\n\n\n<p><strong>Videoeinbindung via Vimeo-Plugins<\/strong><\/p>\n\n\n\n<p><strong>Externe Inhalte, die zustimmungspflichtige Cookies setzen oder Daten erheben, werden erst nach einer Zustimmung des Benutzers angezeigt. Erst wenn ein Nutzer zustimmt, wird eine Verbindung zu dem externen Server aufgebaut.<\/strong><\/p>\n\n\n\n<p>Auf unseren Seiten werden Videos eingebunden, die auf der Plattform Vimeo gespeichert sind und \u00fcber ein Plugin von unserer Website&nbsp;<strong>nach Einwilligung des Benutzers<\/strong>&nbsp;im Sinne von \u00a7 6 Ziffer 2 DSG-EKD aktiviert und abgespielt werden k\u00f6nnen. Die Vimeo-Plugins werden auf dieser Website genutzt, um eine Darstellung von Videoinhalten zu erm\u00f6glichen. Vimeo ist ein Dienst von Vimeo.com, Inc., 555 West 18th Street, New York, New York 10011, USA. Beim Besuch unserer Website wird \u2013 im Falle einer aktiven Einwilligung \u2013 zwischen Ihrem Browser und den Servern von Vimeo eine direkte Verbindung hergestellt. So erf\u00e4hrt Vimeo, dass \u00fcber Ihre IP-Adresse unsere Website aufgerufen wird. Sie sind nicht zur Bereitstellung dieser personenbezogenen Daten verpflichtet, ohne Daten\u00fcbermittlung an Vimeo k\u00f6nnen Sie die Videos allerdings nicht sehen. Wenn Sie \u00fcber einen Vimeo-Account verf\u00fcgen und dort eingeloggt sind, k\u00f6nnen diese Informationen Ihrem Konto bei Vimeo zugeordnet werden. Weitere Informationen zum Datenschutz bei Vimeo finden Sie unter&nbsp;<a href=\"https:\/\/vimeo.com\/privacy\" target=\"_blank\" rel=\"noreferrer noopener\">diesem Link<\/a>.<\/p>\n\n\n\n<p><strong>Videoeinbindung via Facebook-Plugins<\/strong><\/p>\n\n\n\n<p><strong>Externe Inhalte, die zustimmungspflichtige Cookies setzen oder Daten erheben, werden erst nach einer Zustimmung des Benutzers angezeigt. Erst wenn ein Nutzer zustimmt, wird eine Verbindung zu dem externen Server aufgebaut.<\/strong><\/p>\n\n\n\n<p>Auf unseren Seiten werden Videos eingebunden, die auf der Plattform Facebook gespeichert sind und \u00fcber ein Plugin von unserer Website&nbsp;<strong>nach Einwilligung des Benutzers<\/strong>&nbsp;im Sinne von \u00a7 6 Ziffer 2 DSG-EKD aktiviert und abgespielt werden k\u00f6nnen. Die Facebook-Plugins werden auf dieser Website genutzt, um eine Darstellung von Videoinhalten zu erm\u00f6glichen. Facebook ist ein Angebot von Meta Platforms Ireland Ltd., 4 Grand Canal Place, Grand Canal Harbour, Dublin 2, Ireland, einer Tochtergesellschaft der Meta Platforms Inc., 1601 Willow Road Menlo Park, California 94025, USA. Ein Zugriff auf die durch Meta Platforms Ireland verarbeiteten Daten durch US-Beh\u00f6rden kann daher nicht ausgeschlossen werden. Beim Besuch unserer Website wird \u2013 im Falle einer aktiven Einwilligung \u2013 zwischen Ihrem Browser und den Servern von Facebook\/Meta Platforms eine direkte Verbindung hergestellt. So erf\u00e4hrt Facebook\/Meta Platforms, dass \u00fcber Ihre IP-Adresse unsere Website aufgerufen wird. Sie sind nicht zur Bereitstellung dieser personenbezogenen Daten verpflichtet, ohne Daten\u00fcbermittlung an Facebook k\u00f6nnen Sie die Videos allerdings nicht sehen. Wenn Sie \u00fcber einen Account von Facebook\/Meta Platforms verf\u00fcgen und dort eingeloggt sind, k\u00f6nnen die Inhalte unserer Seiten dort verlinkt werden. Facebook kann diese Informationen dann Ihrem pers\u00f6nlichen Konto zuordnen und z.B. f\u00fcr Marktforschung, nutzerfreundliche Optimierung der Facebook-Seiten o.\u00c4. auswerten: Es ist Facebook m\u00f6glich, Nutzungs-, Interessen- und Beziehungsprofile zu erstellen, um Ihr Nutzerverhalten auf unserer Website hinsichtlich der Schaltung von Werbeanzeigen zu analysieren, andere Facebook-Nutzer \u00fcber Ihre Aktivit\u00e4ten zu informieren oder um mit der Nutzung von Facebook zusammenh\u00e4ngende Serviceleistungen zu erbringen. Facebook\/Meta verwendet Informationen auch, um Analysedienste, so genannte \u201eSeiten-Insights\u201c, f\u00fcr Seitenbetreiber bereitzustellen. Diese \u201eSeiten-Insights\u201c enthalten Informationen dar\u00fcber, wie Seitenbesuchende mit der Seite und deren Inhalte interagieren. Wir haben mit Facebook eine Vereinbarung \u00fcber die gemeinsame Verantwortlichkeit durch ein \u201ePage Insights Controller Addendum\u201c geschlossen. Die Rechte der Seitenbesuchenden (Auskunft, L\u00f6schung, Widerspruch und Beschwerde), werden dadurch nicht eingeschr\u00e4nkt. Weitere Hinweise finden sich in den&nbsp;<a href=\"https:\/\/www.facebook.com\/legal\/terms\/information_about_page_insights_data\" target=\"_blank\" rel=\"noreferrer noopener\">Informationen zu Seiten-Insights<\/a>. Weitere Informationen zum Datenschutz bei Facebook\/Meta Platforms finden Sie unter&nbsp;<a href=\"https:\/\/de-de.facebook.com\/about\/privacy\" target=\"_blank\" rel=\"noreferrer noopener\">diesem Link<\/a>.<\/p>\n\n\n\n<h3>8. Eingebundene Dienste und Internetauftritte:<\/h3>\n\n\n\n<p>Wir haben den Terminkalender der Evang.-Luth. Kirche in Bayern auf unserer Seite eingebunden.<br><a href=\"https:\/\/www.evangelische-termine.de\/\" target=\"_blank\" rel=\"noreferrer noopener\">https:\/\/www.evangelische-termine.de\/<\/a>&nbsp;&nbsp;ist der Online-Veranstaltungskalender der Evangelisch-Lutherischen Kirche in Bayern.<br><a href=\"https:\/\/www.evangelische-termine.de\/\" target=\"_blank\" rel=\"noreferrer noopener\">www.evangelische-termine.de\/<\/a>&nbsp;ist ein Angebot von Vernetzte Kirche &#8211; einem Arbeitsbereich der IT des Landeskirchenamtes der ELKB.<br>Inhaltlich Verantwortlicher gem\u00e4\u00df \u00a7 5 DDG und \u00a7 18 MStV: Mikl\u00f3s Geyer<br>Die Datenschutzerkl\u00e4rung finden Sie hier:&nbsp;<a href=\"https:\/\/evangelische-termine.de\/datenschutz\" target=\"_blank\" rel=\"noreferrer noopener\">https:\/\/evangelische-termine.de\/datenschutz<\/a><\/p>\n\n\n\n<p>Wir haben auf unserer Seite den Liturgischen Kalender der Evang.-Luth. Kirche in Bayern&nbsp;<a href=\"https:\/\/kirchenjahr-evangelisch.de\/\" target=\"_blank\" rel=\"noreferrer noopener\">https:\/\/kirchenjahr-evangelisch.de<\/a>&nbsp;eingebunden.<br>Verantwortlich f\u00fcr diesen Kalender ist die Evang.-Luth. Kirche in Bayern.<br>Die Datenschutzerkl\u00e4rung dazu finden Sie hier:&nbsp;<a href=\"https:\/\/kirchenjahr-evangelisch.de\/datenschutz\" target=\"_blank\" rel=\"noreferrer noopener\">https:\/\/kirchenjahr-evangelisch.de\/datenschutz\/<\/a><\/p>\n\n\n\n<h3>9. Sonstiges<\/h3>\n\n\n\n<p>Wir haben auf unserer Seite interaktive Spiele&nbsp;<a href=\"http:\/\/learningapps.org\/\">LearningApps.org<\/a>&nbsp;eingebunden.<br>Verantwortlich f\u00fcr diese Spiele ist der Verein: Verein LearningApps &#8211; interaktive Lernbausteine (Verein nach schweizer Recht), Wolfackerstrasse 33. CH-4658 D\u00e4niken, Vereinsseite:&nbsp;<a href=\"https:\/\/verein.learningapps.org\/\">https:\/\/verein.learningapps.org<\/a>.<br>Die Datenschutzerkl\u00e4rung dazu finden Sie hier:&nbsp;<a href=\"https:\/\/learningapps.org\/rechtliches.php\">https:\/\/learningapps.org\/rechtliches.php<\/a><\/p>\n","protected":false},"excerpt":{"rendered":"<p>Datenschutzerkl\u00e4rung 1. Allgemeine Informationen zum Datenschutz Hier informieren wir dar\u00fcber, welche Verarbeitung Ihrer personenbezogenen Daten \u2013 also aller Daten, mit denen Sie pers\u00f6nlich identifiziert werden k\u00f6nnen \u2013 beim Besuch unserer Website erfolgt. In der nachfolgenden Datenschutzerkl\u00e4rung erhalten Sie ausf\u00fchrliche Informationen zum Thema Datenschutz. Wer ist verantwortlich? Verantwortlich f\u00fcr die Datenverarbeitung ist der im&nbsp;Impressum&nbsp;mit Kontaktdaten aufgef\u00fchrte <a class=\"more-link\" href=\"http:\/\/gerolfingen-evangelisch.de\/?page_id=1015\">Weiterlesen <i class=\"fa fa-chevron-right\"><\/i><\/a><\/p>\n","protected":false},"author":1,"featured_media":0,"parent":0,"menu_order":0,"comment_status":"closed","ping_status":"closed","template":"","meta":[],"_links":{"self":[{"href":"http:\/\/gerolfingen-evangelisch.de\/index.php?rest_route=\/wp\/v2\/pages\/1015"}],"collection":[{"href":"http:\/\/gerolfingen-evangelisch.de\/index.php?rest_route=\/wp\/v2\/pages"}],"about":[{"href":"http:\/\/gerolfingen-evangelisch.de\/index.php?rest_route=\/wp\/v2\/types\/page"}],"author":[{"embeddable":true,"href":"http:\/\/gerolfingen-evangelisch.de\/index.php?rest_route=\/wp\/v2\/users\/1"}],"replies":[{"embeddable":true,"href":"http:\/\/gerolfingen-evangelisch.de\/index.php?rest_route=%2Fwp%2Fv2%2Fcomments&post=1015"}],"version-history":[{"count":1,"href":"http:\/\/gerolfingen-evangelisch.de\/index.php?rest_route=\/wp\/v2\/pages\/1015\/revisions"}],"predecessor-version":[{"id":1017,"href":"http:\/\/gerolfingen-evangelisch.de\/index.php?rest_route=\/wp\/v2\/pages\/1015\/revisions\/1017"}],"wp:attachment":[{"href":"http:\/\/gerolfingen-evangelisch.de\/index.php?rest_route=%2Fwp%2Fv2%2Fmedia&parent=1015"}],"curies":[{"name":"wp","href":"https:\/\/api.w.org\/{rel}","templated":true}]}}